{"id":2671,"date":"2025-04-29T16:07:52","date_gmt":"2025-04-29T14:07:52","guid":{"rendered":"https:\/\/www.cut-collectif.fr\/les-formations\/"},"modified":"2025-05-22T10:20:41","modified_gmt":"2025-05-22T08:20:41","slug":"les-formations","status":"publish","type":"page","link":"https:\/\/www.cut-collectif.fr\/en\/les-formations\/","title":{"rendered":"New Stories Course"},"content":{"rendered":"<p>Depuis f\u00e9vrier 2024, un groupe de travail constitu\u00e9 de l\u2019ensemble des op\u00e9rateurs experts du sujet des r\u00e9cits d\u00e9veloppe des projets dans une logique de coop\u00e9ration :<\/p>\n<ul>\n<li>construction d\u2019un parcours structurant les initiatives existantes.<\/li>\n<li>\u00e9laboration d\u2019une grande enqu\u00eate sur les nouveaux r\u00e9cits afin d\u2019identifier les besoins et attentes des professionnel.le.s.<\/li>\n<li>d\u00e9veloppement d\u2019un programme de r\u00e9sidences alternatif et compl\u00e9mentaire de l\u2019offre existante (en cours de d\u00e9veloppement)<\/li>\n<\/ul>\n<p>En partenariat avec l&#8217;Assembl\u00e9e Citoyenne des Imaginaires, Imagine 2050, Festival Atmosph\u00e8re, Sparknews L&#8217;Ecran d&#8217;Apr\u00e8s, ChangeNOW, Observatoire des Imaginaires, Nouvelle S\u00e9quence<\/p>\n","protected":false},"excerpt":{"rendered":"<p>Depuis f\u00e9vrier 2024, un groupe de travail constitu\u00e9 de l\u2019ensemble des op\u00e9rateurs experts du sujet des r\u00e9cits d\u00e9veloppe des projets dans une logique de coop\u00e9ration : construction d\u2019un parcours structurant les initiatives existantes. \u00e9laboration d\u2019une grande enqu\u00eate sur les nouveaux r\u00e9cits afin d\u2019identifier les besoins et attentes des professionnel.le.s. d\u00e9veloppement d\u2019un programme de r\u00e9sidences alternatif &hellip; <\/p>\n<p class=\"link-more\"><a href=\"https:\/\/www.cut-collectif.fr\/en\/les-formations\/\" class=\"more-link\">Continue reading<span class=\"screen-reader-text\"> &#8220;New Stories Course&#8221;<\/span><\/a><\/p>\n","protected":false},"author":1,"featured_media":0,"parent":0,"menu_order":31,"comment_status":"closed","ping_status":"closed","template":"page-formations.php","meta":{"inline_featured_image":false,"_mi_skip_tracking":false,"footnotes":""},"class_list":["post-2671","page","type-page","status-publish","hentry"],"acf":[],"yoast_head":"<!-- This site is optimized with the Yoast SEO plugin v20.7 - https:\/\/yoast.com\/wordpress\/plugins\/seo\/ -->\n<title>New Stories Course - CUT!<\/title>\n<meta name=\"robots\" content=\"index, follow, max-snippet:-1, max-image-preview:large, max-video-preview:-1\" \/>\n<link rel=\"canonical\" href=\"https:\/\/www.cut-collectif.fr\/en\/les-formations\/\" \/>\n<meta property=\"og:locale\" content=\"en_US\" \/>\n<meta property=\"og:type\" content=\"article\" \/>\n<meta property=\"og:title\" content=\"New Stories Course - CUT!\" \/>\n<meta property=\"og:description\" content=\"Depuis f\u00e9vrier 2024, un groupe de travail constitu\u00e9 de l\u2019ensemble des op\u00e9rateurs experts du sujet des r\u00e9cits d\u00e9veloppe des projets dans une logique de coop\u00e9ration : construction d\u2019un parcours structurant les initiatives existantes. \u00e9laboration d\u2019une grande enqu\u00eate sur les nouveaux r\u00e9cits afin d\u2019identifier les besoins et attentes des professionnel.le.s. d\u00e9veloppement d\u2019un programme de r\u00e9sidences alternatif &hellip; Continue reading &quot;New Stories Course&quot;\" \/>\n<meta property=\"og:url\" content=\"https:\/\/www.cut-collectif.fr\/en\/les-formations\/\" \/>\n<meta property=\"og:site_name\" content=\"CUT!\" \/>\n<meta property=\"article:modified_time\" content=\"2025-05-22T08:20:41+00:00\" \/>\n<meta name=\"twitter:card\" content=\"summary_large_image\" \/>\n<meta name=\"twitter:label1\" content=\"Est. reading time\" \/>\n\t<meta name=\"twitter:data1\" content=\"1 minute\" \/>\n<script type=\"application\/ld+json\" class=\"yoast-schema-graph\">{\"@context\":\"https:\/\/schema.org\",\"@graph\":[{\"@type\":\"WebPage\",\"@id\":\"https:\/\/www.cut-collectif.fr\/en\/les-formations\/\",\"url\":\"https:\/\/www.cut-collectif.fr\/en\/les-formations\/\",\"name\":\"New Stories Course - CUT!\",\"isPartOf\":{\"@id\":\"https:\/\/www.cut-collectif.fr\/en\/#website\"},\"datePublished\":\"2025-04-29T14:07:52+00:00\",\"dateModified\":\"2025-05-22T08:20:41+00:00\",\"breadcrumb\":{\"@id\":\"https:\/\/www.cut-collectif.fr\/en\/les-formations\/#breadcrumb\"},\"inLanguage\":\"en-US\",\"potentialAction\":[{\"@type\":\"ReadAction\",\"target\":[\"https:\/\/www.cut-collectif.fr\/en\/les-formations\/\"]}]},{\"@type\":\"BreadcrumbList\",\"@id\":\"https:\/\/www.cut-collectif.fr\/en\/les-formations\/#breadcrumb\",\"itemListElement\":[{\"@type\":\"ListItem\",\"position\":1,\"name\":\"Accueil\",\"item\":\"https:\/\/www.cut-collectif.fr\/en\/\"},{\"@type\":\"ListItem\",\"position\":2,\"name\":\"New Stories Course\"}]},{\"@type\":\"WebSite\",\"@id\":\"https:\/\/www.cut-collectif.fr\/en\/#website\",\"url\":\"https:\/\/www.cut-collectif.fr\/en\/\",\"name\":\"CUT!\",\"description\":\"Cin\u00e9ma Uni pour la Transition\",\"potentialAction\":[{\"@type\":\"SearchAction\",\"target\":{\"@type\":\"EntryPoint\",\"urlTemplate\":\"https:\/\/www.cut-collectif.fr\/en\/?s={search_term_string}\"},\"query-input\":\"required name=search_term_string\"}],\"inLanguage\":\"en-US\"}]}<\/script>\n<!-- \/ Yoast SEO plugin. -->","yoast_head_json":{"title":"New Stories Course - CUT!","robots":{"index":"index","follow":"follow","max-snippet":"max-snippet:-1","max-image-preview":"max-image-preview:large","max-video-preview":"max-video-preview:-1"},"canonical":"https:\/\/www.cut-collectif.fr\/en\/les-formations\/","og_locale":"en_US","og_type":"article","og_title":"New Stories Course - CUT!","og_description":"Depuis f\u00e9vrier 2024, un groupe de travail constitu\u00e9 de l\u2019ensemble des op\u00e9rateurs experts du sujet des r\u00e9cits d\u00e9veloppe des projets dans une logique de coop\u00e9ration : construction d\u2019un parcours structurant les initiatives existantes. \u00e9laboration d\u2019une grande enqu\u00eate sur les nouveaux r\u00e9cits afin d\u2019identifier les besoins et attentes des professionnel.le.s. d\u00e9veloppement d\u2019un programme de r\u00e9sidences alternatif &hellip; Continue reading \"New Stories Course\"","og_url":"https:\/\/www.cut-collectif.fr\/en\/les-formations\/","og_site_name":"CUT!","article_modified_time":"2025-05-22T08:20:41+00:00","twitter_card":"summary_large_image","twitter_misc":{"Est. reading time":"1 minute"},"schema":{"@context":"https:\/\/schema.org","@graph":[{"@type":"WebPage","@id":"https:\/\/www.cut-collectif.fr\/en\/les-formations\/","url":"https:\/\/www.cut-collectif.fr\/en\/les-formations\/","name":"New Stories Course - CUT!","isPartOf":{"@id":"https:\/\/www.cut-collectif.fr\/en\/#website"},"datePublished":"2025-04-29T14:07:52+00:00","dateModified":"2025-05-22T08:20:41+00:00","breadcrumb":{"@id":"https:\/\/www.cut-collectif.fr\/en\/les-formations\/#breadcrumb"},"inLanguage":"en-US","potentialAction":[{"@type":"ReadAction","target":["https:\/\/www.cut-collectif.fr\/en\/les-formations\/"]}]},{"@type":"BreadcrumbList","@id":"https:\/\/www.cut-collectif.fr\/en\/les-formations\/#breadcrumb","itemListElement":[{"@type":"ListItem","position":1,"name":"Accueil","item":"https:\/\/www.cut-collectif.fr\/en\/"},{"@type":"ListItem","position":2,"name":"New Stories Course"}]},{"@type":"WebSite","@id":"https:\/\/www.cut-collectif.fr\/en\/#website","url":"https:\/\/www.cut-collectif.fr\/en\/","name":"CUT!","description":"Cin\u00e9ma Uni pour la Transition","potentialAction":[{"@type":"SearchAction","target":{"@type":"EntryPoint","urlTemplate":"https:\/\/www.cut-collectif.fr\/en\/?s={search_term_string}"},"query-input":"required name=search_term_string"}],"inLanguage":"en-US"}]}},"_links":{"self":[{"href":"https:\/\/www.cut-collectif.fr\/en\/wp-json\/wp\/v2\/pages\/2671","targetHints":{"allow":["GET"]}}],"collection":[{"href":"https:\/\/www.cut-collectif.fr\/en\/wp-json\/wp\/v2\/pages"}],"about":[{"href":"https:\/\/www.cut-collectif.fr\/en\/wp-json\/wp\/v2\/types\/page"}],"author":[{"embeddable":true,"href":"https:\/\/www.cut-collectif.fr\/en\/wp-json\/wp\/v2\/users\/1"}],"replies":[{"embeddable":true,"href":"https:\/\/www.cut-collectif.fr\/en\/wp-json\/wp\/v2\/comments?post=2671"}],"version-history":[{"count":1,"href":"https:\/\/www.cut-collectif.fr\/en\/wp-json\/wp\/v2\/pages\/2671\/revisions"}],"predecessor-version":[{"id":2672,"href":"https:\/\/www.cut-collectif.fr\/en\/wp-json\/wp\/v2\/pages\/2671\/revisions\/2672"}],"wp:attachment":[{"href":"https:\/\/www.cut-collectif.fr\/en\/wp-json\/wp\/v2\/media?parent=2671"}],"curies":[{"name":"wp","href":"https:\/\/api.w.org\/{rel}","templated":true}]}}